{"id":652,"date":"2024-03-19T11:54:38","date_gmt":"2024-03-19T11:54:38","guid":{"rendered":"https:\/\/lasmeda.lt\/?page_id=652"},"modified":"2024-03-20T21:33:57","modified_gmt":"2024-03-20T19:33:57","slug":"nuorodos","status":"publish","type":"page","link":"https:\/\/lasmeda.lt\/index.php\/nuorodos\/","title":{"rendered":"Nuorodos"},"content":{"rendered":"\n<h3 class=\"wp-block-heading\">Silpnaregi\u0173 masa\u017euotoj\u0173 internetini\u0173 svetaini\u0173 nuorodos<\/h3>\n\n\n\n<p><a href=\"https:\/\/www.masazuotojas.lt\/\" target=\"_blank\" rel=\"noreferrer noopener\">Nerijaus Montvydo masa\u017eo kabinetas<\/a><\/p>\n\n\n\n<p><a href=\"https:\/\/matanciosrankos.lt\/\" target=\"_blank\" rel=\"noreferrer noopener\">UAB &#8222;Matan\u010dios rankos&#8221;<\/a><\/p>\n\n\n\n<p><a href=\"https:\/\/www.gmcentras.lt\/\" target=\"_blank\" rel=\"noreferrer noopener\">UAB &#8222;Gydomojo masa\u017eo centras&#8221;<\/a><\/p>\n\n\n\n<p><a href=\"https:\/\/www.facebook.com\/valerijausmasazai\/\" target=\"_blank\" rel=\"noreferrer noopener\">Valerijaus Kajuko masa\u017eo kabinetas<\/a><\/p>\n\n\n\n<p><a href=\"https:\/\/www.masazonamai.lt\/\" target=\"_blank\" rel=\"noreferrer noopener\">UAB &#8222;Masa\u017eo namai&#8221;<\/a><\/p>\n\n\n\n<p><a href=\"https:\/\/masazoklinika.lt\/\" target=\"_blank\" rel=\"noreferrer noopener\">UAB &#8222;Masa\u017eo Klinika&#8221;<\/a><\/p>\n","protected":false},"excerpt":{"rendered":"<p>Silpnaregi\u0173 masa\u017euotoj\u0173 internetini\u0173 svetaini\u0173 nuorodos Nerijaus Montvydo masa\u017eo kabinetas UAB &#8222;Matan\u010dios rankos&#8221; UAB &#8222;Gydomojo masa\u017eo centras&#8221; Valerijaus Kajuko masa\u017eo kabinetas UAB &#8222;Masa\u017eo namai&#8221; UAB &#8222;Masa\u017eo Klinika&#8221;<\/p>\n","protected":false},"author":1,"featured_media":0,"parent":0,"menu_order":0,"comment_status":"closed","ping_status":"closed","template":"","meta":{"_kadence_starter_templates_imported_post":false,"_kad_post_transparent":"","_kad_post_title":"","_kad_post_layout":"","_kad_post_sidebar_id":"","_kad_post_content_style":"","_kad_post_vertical_padding":"","_kad_post_feature":"","_kad_post_feature_position":"","_kad_post_header":false,"_kad_post_footer":false,"_kad_post_classname":"","footnotes":""},"class_list":["post-652","page","type-page","status-publish","hentry"],"_links":{"self":[{"href":"https:\/\/lasmeda.lt\/index.php\/wp-json\/wp\/v2\/pages\/652","targetHints":{"allow":["GET"]}}],"collection":[{"href":"https:\/\/lasmeda.lt\/index.php\/wp-json\/wp\/v2\/pages"}],"about":[{"href":"https:\/\/lasmeda.lt\/index.php\/wp-json\/wp\/v2\/types\/page"}],"author":[{"embeddable":true,"href":"https:\/\/lasmeda.lt\/index.php\/wp-json\/wp\/v2\/users\/1"}],"replies":[{"embeddable":true,"href":"https:\/\/lasmeda.lt\/index.php\/wp-json\/wp\/v2\/comments?post=652"}],"version-history":[{"count":4,"href":"https:\/\/lasmeda.lt\/index.php\/wp-json\/wp\/v2\/pages\/652\/revisions"}],"predecessor-version":[{"id":701,"href":"https:\/\/lasmeda.lt\/index.php\/wp-json\/wp\/v2\/pages\/652\/revisions\/701"}],"wp:attachment":[{"href":"https:\/\/lasmeda.lt\/index.php\/wp-json\/wp\/v2\/media?parent=652"}],"curies":[{"name":"wp","href":"https:\/\/api.w.org\/{rel}","templated":true}]}}