{"id":609,"date":"2022-05-05T15:47:43","date_gmt":"2022-05-05T15:47:43","guid":{"rendered":"https:\/\/startertemplatecloud.com\/g23\/?page_id=7"},"modified":"2024-03-20T21:18:53","modified_gmt":"2024-03-20T19:18:53","slug":"home","status":"publish","type":"page","link":"https:\/\/lasmeda.lt\/","title":{"rendered":"Prad\u017eia"},"content":{"rendered":"<style>.kb-row-layout-id609_83b7f1-73 > .kt-row-column-wrap{align-content:start;}:where(.kb-row-layout-id609_83b7f1-73 > .kt-row-column-wrap) > .wp-block-kadence-column{justify-content:start;}.kb-row-layout-id609_83b7f1-73 > .kt-row-column-wrap{column-gap:var(--global-kb-gap-md, 2rem);row-gap:var(--global-kb-gap-md, 2rem);max-width:900px;margin-left:auto;margin-right:auto;padding-top:40px;padding-right:20px;padding-bottom:25px;padding-left:20px;grid-template-columns:minmax(0, 1fr);}.kb-row-layout-id609_83b7f1-73 > .kt-row-layout-overlay{opacity:0.30;}@media all and (max-width: 1024px){.kb-row-layout-id609_83b7f1-73 > .kt-row-column-wrap{padding-top:60px;padding-right:30px;padding-bottom:60px;padding-left:30px;grid-template-columns:minmax(0, 1fr);}}@media all and (max-width: 767px){.kb-row-layout-id609_83b7f1-73 > .kt-row-column-wrap{padding-top:40px;padding-right:20px;padding-bottom:40px;padding-left:20px;grid-template-columns:minmax(0, 1fr);}}<\/style><div class=\"kb-row-layout-wrap kb-row-layout-id609_83b7f1-73 alignnone wp-block-kadence-rowlayout\"><div class=\"kt-row-column-wrap kt-has-1-columns kt-row-layout-equal kt-tab-layout-inherit kt-mobile-layout-row kt-row-valign-top\">\n<style>.kadence-column609_527868-16 > .kt-inside-inner-col,.kadence-column609_527868-16 > .kt-inside-inner-col:before{border-top-left-radius:0px;border-top-right-radius:0px;border-bottom-right-radius:0px;border-bottom-left-radius:0px;}.kadence-column609_527868-16 > .kt-inside-inner-col{column-gap:var(--global-kb-gap-sm, 1rem);}.kadence-column609_527868-16 > .kt-inside-inner-col{flex-direction:column;}.kadence-column609_527868-16 > .kt-inside-inner-col > .aligncenter{width:100%;}.kadence-column609_527868-16 > .kt-inside-inner-col:before{opacity:0.3;}.kadence-column609_527868-16{position:relative;}@media all and (max-width: 1024px){.kadence-column609_527868-16 > .kt-inside-inner-col{flex-direction:column;justify-content:center;}}@media all and (max-width: 767px){.kadence-column609_527868-16 > .kt-inside-inner-col{flex-direction:column;justify-content:center;}}<\/style>\n<div class=\"wp-block-kadence-column kadence-column609_527868-16 inner-column-1\"><div class=\"kt-inside-inner-col\">\n<h3 class=\"wp-block-heading has-text-align-center\">Sveiki atvyk\u0119 \u012f Lietuvos akl\u0173j\u0173 ir silpnaregi\u0173 medik\u0173 draugijos svetain\u0119!<\/h3>\n\n\n<style>.wp-block-kadence-advancedbtn.kb-btns609_bb50f6-5a{gap:var(--global-kb-gap-xs, 0.5rem );justify-content:center;align-items:center;}.kt-btns609_bb50f6-5a .kt-button{font-weight:normal;font-style:normal;}<\/style>\n<div class=\"wp-block-kadence-advancedbtn kb-buttons-wrap kb-btns609_bb50f6-5a\"><style>ul.menu .wp-block-kadence-advancedbtn .kb-btn609_b47397-e8.kb-button{width:initial;}.wp-block-kadence-advancedbtn .kb-btn609_b47397-e8.kb-button{color:var(--global-palette3, #1A202C);background:rgba(0, 0, 0, 0);font-size:14px;border-top-left-radius:3px;border-top-right-radius:3px;border-bottom-right-radius:3px;border-bottom-left-radius:3px;border-top:1px solid var(--global-palette1, #3182CE);border-right:1px solid var(--global-palette1, #3182CE);border-bottom:1px solid var(--global-palette1, #3182CE);border-left:1px solid var(--global-palette1, #3182CE);}.wp-block-kadence-advancedbtn .kb-btn609_b47397-e8.kb-button:hover, .wp-block-kadence-advancedbtn .kb-btn609_b47397-e8.kb-button:focus{color:var(--global-palette9, #ffffff);background:var(--global-palette1, #3182CE);border-top-color:var(--global-palette1, #3182CE);border-top-style:solid;border-right-color:var(--global-palette1, #3182CE);border-right-style:solid;border-bottom-color:var(--global-palette1, #3182CE);border-bottom-style:solid;border-left-color:var(--global-palette1, #3182CE);border-left-style:solid;}@media all and (max-width: 1024px){.wp-block-kadence-advancedbtn .kb-btn609_b47397-e8.kb-button{border-top:1px solid var(--global-palette1, #3182CE);border-right:1px solid var(--global-palette1, #3182CE);border-bottom:1px solid var(--global-palette1, #3182CE);border-left:1px solid var(--global-palette1, #3182CE);}}@media all and (max-width: 1024px){.wp-block-kadence-advancedbtn .kb-btn609_b47397-e8.kb-button:hover, .wp-block-kadence-advancedbtn .kb-btn609_b47397-e8.kb-button:focus{border-top-color:var(--global-palette1, #3182CE);border-top-style:solid;border-right-color:var(--global-palette1, #3182CE);border-right-style:solid;border-bottom-color:var(--global-palette1, #3182CE);border-bottom-style:solid;border-left-color:var(--global-palette1, #3182CE);border-left-style:solid;}}@media all and (max-width: 767px){.wp-block-kadence-advancedbtn .kb-btn609_b47397-e8.kb-button{border-top:1px solid var(--global-palette1, #3182CE);border-right:1px solid var(--global-palette1, #3182CE);border-bottom:1px solid var(--global-palette1, #3182CE);border-left:1px solid var(--global-palette1, #3182CE);}.wp-block-kadence-advancedbtn .kb-btn609_b47397-e8.kb-button:hover, .wp-block-kadence-advancedbtn .kb-btn609_b47397-e8.kb-button:focus{border-top-color:var(--global-palette1, #3182CE);border-top-style:solid;border-right-color:var(--global-palette1, #3182CE);border-right-style:solid;border-bottom-color:var(--global-palette1, #3182CE);border-bottom-style:solid;border-left-color:var(--global-palette1, #3182CE);border-left-style:solid;}}<\/style><a class=\"kb-button kt-button button kb-btn609_b47397-e8 kt-btn-size-large kt-btn-width-type-auto kb-btn-global-inherit  kt-btn-has-text-true kt-btn-has-svg-false  wp-block-button__link wp-block-kadence-singlebtn\" href=\"https:\/\/lasmeda.lt\/index.php\/about\/\"><span class=\"kt-btn-inner-text\">Apie mus<\/span><\/a><\/div>\n<\/div><\/div>\n\n<\/div><\/div>\n\n<style>.kb-row-layout-id609_92a8c7-34 > .kt-row-column-wrap{align-content:start;}:where(.kb-row-layout-id609_92a8c7-34 > .kt-row-column-wrap) > .wp-block-kadence-column{justify-content:start;}.kb-row-layout-id609_92a8c7-34 > .kt-row-column-wrap{column-gap:var(--global-kb-gap-md, 2rem);row-gap:var(--global-kb-gap-md, 2rem);max-width:1200px;margin-left:auto;margin-right:auto;padding-top:25px;padding-right:20px;padding-bottom:40px;padding-left:20px;grid-template-columns:minmax(0, 1fr);}.kb-row-layout-id609_92a8c7-34 > .kt-row-layout-overlay{opacity:0.30;}@media all and (max-width: 1024px){.kb-row-layout-id609_92a8c7-34 > .kt-row-column-wrap{grid-template-columns:minmax(0, 1fr);}}@media all and (max-width: 767px){.kb-row-layout-id609_92a8c7-34 > .kt-row-column-wrap{padding-top:0px;padding-right:0px;padding-bottom:0px;padding-left:0px;grid-template-columns:minmax(0, 1fr);}}<\/style><div class=\"kb-row-layout-wrap kb-row-layout-id609_92a8c7-34 alignnone wp-block-kadence-rowlayout\"><div class=\"kt-row-column-wrap kt-has-1-columns kt-row-layout-equal kt-tab-layout-inherit kt-mobile-layout-row kt-row-valign-top\">\n<style>.kadence-column609_d15c8c-b0 > .kt-inside-inner-col,.kadence-column609_d15c8c-b0 > .kt-inside-inner-col:before{border-top-left-radius:0px;border-top-right-radius:0px;border-bottom-right-radius:0px;border-bottom-left-radius:0px;}.kadence-column609_d15c8c-b0 > .kt-inside-inner-col{column-gap:var(--global-kb-gap-sm, 1rem);}.kadence-column609_d15c8c-b0 > .kt-inside-inner-col{flex-direction:column;}.kadence-column609_d15c8c-b0 > .kt-inside-inner-col > .aligncenter{width:100%;}.kadence-column609_d15c8c-b0 > .kt-inside-inner-col:before{opacity:0.3;}.kadence-column609_d15c8c-b0{position:relative;}@media all and (max-width: 1024px){.kadence-column609_d15c8c-b0 > .kt-inside-inner-col{flex-direction:column;justify-content:center;}}@media all and (max-width: 767px){.kadence-column609_d15c8c-b0 > .kt-inside-inner-col{flex-direction:column;justify-content:center;}}<\/style>\n<div class=\"wp-block-kadence-column kadence-column609_d15c8c-b0 inner-column-1\"><div class=\"kt-inside-inner-col\"><div class=\"wp-block-image\">\n<figure class=\"aligncenter size-large\"><img loading=\"lazy\" decoding=\"async\" width=\"1024\" height=\"577\" src=\"https:\/\/lasmeda.lt\/wp-content\/uploads\/2024\/03\/image-1-1024x577.png\" alt=\"\" class=\"wp-image-692\" srcset=\"https:\/\/lasmeda.lt\/wp-content\/uploads\/2024\/03\/image-1-1024x577.png 1024w, https:\/\/lasmeda.lt\/wp-content\/uploads\/2024\/03\/image-1-300x169.png 300w, https:\/\/lasmeda.lt\/wp-content\/uploads\/2024\/03\/image-1-768x433.png 768w, https:\/\/lasmeda.lt\/wp-content\/uploads\/2024\/03\/image-1-1536x865.png 1536w, https:\/\/lasmeda.lt\/wp-content\/uploads\/2024\/03\/image-1.png 1640w\" sizes=\"auto, (max-width: 1024px) 100vw, 1024px\" \/><\/figure>\n<\/div><\/div><\/div>\n\n<\/div><\/div>","protected":false},"excerpt":{"rendered":"<p>Sveiki atvyk\u0119 \u012f Lietuvos akl\u0173j\u0173 ir silpnaregi\u0173 medik\u0173 draugijos svetain\u0119!<\/p>\n","protected":false},"author":1,"featured_media":0,"parent":0,"menu_order":0,"comment_status":"closed","ping_status":"closed","template":"","meta":{"_kadence_starter_templates_imported_post":true,"_kad_post_transparent":"","_kad_post_title":"","_kad_post_layout":"","_kad_post_sidebar_id":"","_kad_post_content_style":"","_kad_post_vertical_padding":"","_kad_post_feature":"","_kad_post_feature_position":"","_kad_post_header":false,"_kad_post_footer":false,"_kad_post_classname":"","footnotes":""},"class_list":["post-609","page","type-page","status-publish","hentry"],"_links":{"self":[{"href":"https:\/\/lasmeda.lt\/index.php\/wp-json\/wp\/v2\/pages\/609","targetHints":{"allow":["GET"]}}],"collection":[{"href":"https:\/\/lasmeda.lt\/index.php\/wp-json\/wp\/v2\/pages"}],"about":[{"href":"https:\/\/lasmeda.lt\/index.php\/wp-json\/wp\/v2\/types\/page"}],"author":[{"embeddable":true,"href":"https:\/\/lasmeda.lt\/index.php\/wp-json\/wp\/v2\/users\/1"}],"replies":[{"embeddable":true,"href":"https:\/\/lasmeda.lt\/index.php\/wp-json\/wp\/v2\/comments?post=609"}],"version-history":[{"count":12,"href":"https:\/\/lasmeda.lt\/index.php\/wp-json\/wp\/v2\/pages\/609\/revisions"}],"predecessor-version":[{"id":707,"href":"https:\/\/lasmeda.lt\/index.php\/wp-json\/wp\/v2\/pages\/609\/revisions\/707"}],"wp:attachment":[{"href":"https:\/\/lasmeda.lt\/index.php\/wp-json\/wp\/v2\/media?parent=609"}],"curies":[{"name":"wp","href":"https:\/\/api.w.org\/{rel}","templated":true}]}}