{"id":318,"date":"2021-12-03T07:08:10","date_gmt":"2021-12-03T07:08:10","guid":{"rendered":"https:\/\/stage.startertemplatecloud.com\/g23\/?page_id=318"},"modified":"2024-03-20T21:26:29","modified_gmt":"2024-03-20T19:26:29","slug":"about","status":"publish","type":"page","link":"https:\/\/lasmeda.lt\/index.php\/about\/","title":{"rendered":"Apie mus"},"content":{"rendered":"<style>.kb-row-layout-wrap.wp-block-kadence-rowlayout.kb-row-layout-id318_296ca4-33{margin-top:0px;margin-bottom:0px;}.kb-row-layout-id318_296ca4-33 > .kt-row-column-wrap{align-content:start;}:where(.kb-row-layout-id318_296ca4-33 > .kt-row-column-wrap) > .wp-block-kadence-column{justify-content:start;}.kb-row-layout-id318_296ca4-33 > .kt-row-column-wrap{column-gap:var(--global-kb-gap-none, 0rem );row-gap:var(--global-kb-gap-none, 0rem );max-width:1140px;margin-left:auto;margin-right:auto;padding-top:28px;padding-right:20px;padding-bottom:40px;padding-left:20px;grid-template-columns:minmax(0, 1fr);}.kb-row-layout-id318_296ca4-33 > .kt-row-layout-overlay{opacity:0.30;}@media all and (max-width: 1024px){.kb-row-layout-id318_296ca4-33 > .kt-row-column-wrap{padding-top:70px;padding-right:20px;padding-bottom:50px;padding-left:20px;grid-template-columns:minmax(0, 1fr);}}@media all and (max-width: 767px){.kb-row-layout-id318_296ca4-33 > .kt-row-column-wrap{padding-top:60px;padding-right:15px;padding-bottom:30px;padding-left:15px;grid-template-columns:minmax(0, 1fr);}}<\/style><div class=\"kb-row-layout-wrap kb-row-layout-id318_296ca4-33 alignnone has-theme-palette8-background-color kt-row-has-bg wp-block-kadence-rowlayout\"><div class=\"kt-row-column-wrap kt-has-1-columns kt-row-layout-equal kt-tab-layout-inherit kt-mobile-layout-row kt-row-valign-top\">\n<style>.kadence-column318_a049a9-c2 > .kt-inside-inner-col{padding-top:10px;padding-right:10px;padding-bottom:10px;padding-left:10px;}.kadence-column318_a049a9-c2 > .kt-inside-inner-col,.kadence-column318_a049a9-c2 > .kt-inside-inner-col:before{border-top-left-radius:0px;border-top-right-radius:0px;border-bottom-right-radius:0px;border-bottom-left-radius:0px;}.kadence-column318_a049a9-c2 > .kt-inside-inner-col{column-gap:var(--global-kb-gap-sm, 1rem);}.kadence-column318_a049a9-c2 > .kt-inside-inner-col{flex-direction:column;}.kadence-column318_a049a9-c2 > .kt-inside-inner-col > .aligncenter{width:100%;}.kadence-column318_a049a9-c2 > .kt-inside-inner-col:before{opacity:0.3;}.kadence-column318_a049a9-c2{position:relative;}@media all and (max-width: 1024px){.kadence-column318_a049a9-c2 > .kt-inside-inner-col{flex-direction:column;justify-content:center;}}@media all and (max-width: 767px){.kadence-column318_a049a9-c2 > .kt-inside-inner-col{flex-direction:column;justify-content:center;}}<\/style>\n<div class=\"wp-block-kadence-column kadence-column318_a049a9-c2 inner-column-1\"><div class=\"kt-inside-inner-col\"><style>.kb-row-layout-wrap.wp-block-kadence-rowlayout.kb-row-layout-id318_3ff28d-9f{margin-top:0px;margin-bottom:0px;}.kb-row-layout-id318_3ff28d-9f > .kt-row-column-wrap{align-content:start;}:where(.kb-row-layout-id318_3ff28d-9f > .kt-row-column-wrap) > .wp-block-kadence-column{justify-content:start;}.kb-row-layout-id318_3ff28d-9f > .kt-row-column-wrap{column-gap:var(--global-kb-gap-none, 0rem );row-gap:var(--global-kb-gap-none, 0rem );max-width:800px;margin-left:auto;margin-right:auto;padding-top:0px;padding-right:0px;padding-bottom:0px;padding-left:0px;grid-template-columns:minmax(0, 1fr);}.kb-row-layout-id318_3ff28d-9f > .kt-row-layout-overlay{opacity:0.30;}@media all and (max-width: 1024px){.kb-row-layout-id318_3ff28d-9f > .kt-row-column-wrap{grid-template-columns:minmax(0, 1fr);}}@media all and (max-width: 767px){.kb-row-layout-id318_3ff28d-9f > .kt-row-column-wrap{grid-template-columns:minmax(0, 1fr);}}<\/style><div class=\"kb-row-layout-wrap kb-row-layout-id318_3ff28d-9f alignnone wp-block-kadence-rowlayout\"><div class=\"kt-row-column-wrap kt-has-1-columns kt-row-layout-equal kt-tab-layout-inherit kt-mobile-layout-row kt-row-valign-top\">\n<style>.kadence-column318_1c80af-8d > .kt-inside-inner-col,.kadence-column318_1c80af-8d > .kt-inside-inner-col:before{border-top-left-radius:0px;border-top-right-radius:0px;border-bottom-right-radius:0px;border-bottom-left-radius:0px;}.kadence-column318_1c80af-8d > .kt-inside-inner-col{column-gap:var(--global-kb-gap-sm, 1rem);}.kadence-column318_1c80af-8d > .kt-inside-inner-col{flex-direction:column;}.kadence-column318_1c80af-8d > .kt-inside-inner-col > .aligncenter{width:100%;}.kadence-column318_1c80af-8d > .kt-inside-inner-col:before{opacity:0.3;}.kadence-column318_1c80af-8d{position:relative;}@media all and (max-width: 1024px){.kadence-column318_1c80af-8d > .kt-inside-inner-col{flex-direction:column;justify-content:center;}}@media all and (max-width: 767px){.kadence-column318_1c80af-8d > .kt-inside-inner-col{flex-direction:column;justify-content:center;}}<\/style>\n<div class=\"wp-block-kadence-column kadence-column318_1c80af-8d\"><div class=\"kt-inside-inner-col\"><\/div><\/div>\n\n<\/div><\/div>\n\n<style>.kb-row-layout-wrap.wp-block-kadence-rowlayout.kb-row-layout-id318_db573a-02{margin-top:0px;margin-bottom:0px;}.kb-row-layout-id318_db573a-02 > .kt-row-column-wrap{align-content:start;}:where(.kb-row-layout-id318_db573a-02 > .kt-row-column-wrap) > .wp-block-kadence-column{justify-content:start;}.kb-row-layout-id318_db573a-02 > .kt-row-column-wrap{column-gap:var(--global-kb-gap-none, 0rem );row-gap:var(--global-kb-gap-none, 0rem );max-width:1000px;margin-left:auto;margin-right:auto;padding-top:0px;padding-right:0px;padding-bottom:0px;padding-left:0px;grid-template-columns:minmax(0, 1fr);}.kb-row-layout-id318_db573a-02 > .kt-row-layout-overlay{opacity:0.30;}@media all and (max-width: 1024px){.kb-row-layout-id318_db573a-02 > .kt-row-column-wrap{grid-template-columns:minmax(0, 1fr);}}@media all and (max-width: 767px){.kb-row-layout-id318_db573a-02 > .kt-row-column-wrap{grid-template-columns:minmax(0, 1fr);}}<\/style><div class=\"kb-row-layout-wrap kb-row-layout-id318_db573a-02 alignnone wp-block-kadence-rowlayout\"><div class=\"kt-row-column-wrap kt-has-1-columns kt-row-layout-equal kt-tab-layout-inherit kt-mobile-layout-row kt-row-valign-top\">\n<style>.kadence-column318_32a5fc-a1 > .kt-inside-inner-col{padding-top:10px;padding-right:10px;padding-bottom:10px;padding-left:10px;}.kadence-column318_32a5fc-a1 > .kt-inside-inner-col,.kadence-column318_32a5fc-a1 > .kt-inside-inner-col:before{border-top-left-radius:0px;border-top-right-radius:0px;border-bottom-right-radius:0px;border-bottom-left-radius:0px;}.kadence-column318_32a5fc-a1 > .kt-inside-inner-col{column-gap:var(--global-kb-gap-sm, 1rem);}.kadence-column318_32a5fc-a1 > .kt-inside-inner-col{flex-direction:column;}.kadence-column318_32a5fc-a1 > .kt-inside-inner-col > .aligncenter{width:100%;}.kadence-column318_32a5fc-a1 > .kt-inside-inner-col:before{opacity:0.3;}.kadence-column318_32a5fc-a1{position:relative;}@media all and (max-width: 1024px){.kadence-column318_32a5fc-a1 > .kt-inside-inner-col{flex-direction:column;justify-content:center;}}@media all and (max-width: 767px){.kadence-column318_32a5fc-a1 > .kt-inside-inner-col{flex-direction:column;justify-content:center;}}<\/style>\n<div class=\"wp-block-kadence-column kadence-column318_32a5fc-a1 inner-column-1\"><div class=\"kt-inside-inner-col\">\n<p>Lietuvos akl\u0173j\u0173 ir silpnaregi\u0173 medik\u0173 draugija, \u012fsteigta 1996 m. vienija akluosius ir silpnaregius masa\u017euotojus, baigusius formaliojo ugdymo program\u0105 ir kitus \u0161i\u0105 negali\u0105 turin\u010dius medicinini\u0173 profesij\u0173 specialistus.<\/p>\n\n\n\n<p><strong>Svarbiausiai asociacijos tikslai:<\/strong><\/p>\n\n\n\n<div class=\"wp-block-group is-nowrap is-layout-flex wp-container-core-group-is-layout-ad2f72ca wp-block-group-is-layout-flex\">\n<div class=\"wp-block-group\"><div class=\"wp-block-group__inner-container is-layout-constrained wp-block-group-is-layout-constrained\">\n<div class=\"wp-block-group is-vertical is-layout-flex wp-container-core-group-is-layout-8cf370e7 wp-block-group-is-layout-flex\">\n<ul class=\"wp-block-list\">\n<li>Telkti akluosius ir silpnaregius masa\u017euotojus, bei kitus \u0161i\u0105 negali\u0105 turin\u010dius specialistus, apjungti savo j\u0117gas bendrai veiklai, tarpusavio pagalbai ir bendr\u0173 interes\u0173 \u012fgyvendinimui;<\/li>\n\n\n\n<li>Pad\u0117ti spr\u0119sti \u012fvairius kitus savo nari\u0173, profesin\u0117je, \u016bkin\u0117je-komercin\u0117je, dalykin\u0117je ir visuomenin\u0117je veikloje, kylan\u010dius interesus ir poreikius: profesinius, socialinius, sveikatingumo ir kult\u016brinius; <\/li>\n\n\n\n<li>Atstovauti savo nari\u0173 interesus, pasitelkiant visas tam b\u016btinas priemones.<\/li>\n<\/ul>\n<\/div>\n<\/div><\/div>\n<\/div>\n\n\n\n<p>Visame pasaulyje akl\u0173j\u0173 ir silpnaregi\u0173 tarpe pati populiariausia yra masa\u017euotojo specialyb\u0117. \u017dmon\u0117s netek\u0119 vieno i\u0161 svarbiausi\u0173 jutim\u0173 \u2013 regos, turi labiau i\u0161lavintus kitus poj\u016b\u010dius, tarp kuri\u0173 yra lyt\u0117jimas. Jautri\u0173 pir\u0161t\u0173 pagalba neregiai masa\u017euotojai gali ne tik aptikti odos, raumen\u0173, jungiamojo audinio pakitimus bet ir grei\u010diau pad\u0117ti savo pacientams atgauti j\u0117gas, sveikat\u0105 ir gro\u017e\u012f.<\/p>\n\n\n\n<p>M\u016bs\u0173 nariai, kasmet tobulinasi organizuojamuose kursuose, kuriuos d\u0117sto auk\u0161\u010diausios kvalifikacijos specialistai i\u0161 Lietuvos ir u\u017esienio. Tod\u0117l yra puik\u016bs savo srities specialistai.<\/p>\n<\/div><\/div>\n\n<\/div><\/div><\/div><\/div>\n\n<\/div><\/div>","protected":false},"excerpt":{"rendered":"<p>Lietuvos akl\u0173j\u0173 ir silpnaregi\u0173 medik\u0173 draugija, \u012fsteigta 1996 m. vienija akluosius ir silpnaregius masa\u017euotojus, baigusius formaliojo ugdymo program\u0105 ir kitus \u0161i\u0105 negali\u0105 turin\u010dius medicinini\u0173 profesij\u0173 specialistus. Svarbiausiai asociacijos tikslai: Visame pasaulyje akl\u0173j\u0173 ir silpnaregi\u0173 tarpe pati populiariausia yra masa\u017euotojo specialyb\u0117. \u017dmon\u0117s netek\u0119 vieno i\u0161 svarbiausi\u0173 jutim\u0173 \u2013 regos, turi labiau i\u0161lavintus kitus poj\u016b\u010dius, tarp kuri\u0173&#8230;<\/p>\n","protected":false},"author":1,"featured_media":0,"parent":0,"menu_order":0,"comment_status":"closed","ping_status":"closed","template":"","meta":{"_kadence_starter_templates_imported_post":true,"_kad_post_transparent":"","_kad_post_title":"hide","_kad_post_layout":"fullwidth","_kad_post_sidebar_id":"","_kad_post_content_style":"unboxed","_kad_post_vertical_padding":"hide","_kad_post_feature":"hide","_kad_post_feature_position":"","_kad_post_header":false,"_kad_post_footer":false,"_kad_post_classname":"","footnotes":""},"class_list":["post-318","page","type-page","status-publish","hentry"],"_links":{"self":[{"href":"https:\/\/lasmeda.lt\/index.php\/wp-json\/wp\/v2\/pages\/318","targetHints":{"allow":["GET"]}}],"collection":[{"href":"https:\/\/lasmeda.lt\/index.php\/wp-json\/wp\/v2\/pages"}],"about":[{"href":"https:\/\/lasmeda.lt\/index.php\/wp-json\/wp\/v2\/types\/page"}],"author":[{"embeddable":true,"href":"https:\/\/lasmeda.lt\/index.php\/wp-json\/wp\/v2\/users\/1"}],"replies":[{"embeddable":true,"href":"https:\/\/lasmeda.lt\/index.php\/wp-json\/wp\/v2\/comments?post=318"}],"version-history":[{"count":5,"href":"https:\/\/lasmeda.lt\/index.php\/wp-json\/wp\/v2\/pages\/318\/revisions"}],"predecessor-version":[{"id":699,"href":"https:\/\/lasmeda.lt\/index.php\/wp-json\/wp\/v2\/pages\/318\/revisions\/699"}],"wp:attachment":[{"href":"https:\/\/lasmeda.lt\/index.php\/wp-json\/wp\/v2\/media?parent=318"}],"curies":[{"name":"wp","href":"https:\/\/api.w.org\/{rel}","templated":true}]}}