{"id":290,"date":"2021-12-02T06:00:23","date_gmt":"2021-12-02T06:00:23","guid":{"rendered":"https:\/\/stage.startertemplatecloud.com\/g23\/?page_id=290"},"modified":"2024-03-20T21:34:57","modified_gmt":"2024-03-20T19:34:57","slug":"contact","status":"publish","type":"page","link":"https:\/\/lasmeda.lt\/index.php\/contact\/","title":{"rendered":"Kontaktai"},"content":{"rendered":"<style>.kb-row-layout-wrap.wp-block-kadence-rowlayout.kb-row-layout-id290_afb307-38{margin-top:0px;margin-bottom:0px;}.kb-row-layout-id290_afb307-38 > .kt-row-column-wrap{align-content:start;}:where(.kb-row-layout-id290_afb307-38 > .kt-row-column-wrap) > .wp-block-kadence-column{justify-content:start;}.kb-row-layout-id290_afb307-38 > .kt-row-column-wrap{column-gap:var(--global-kb-gap-none, 0rem );row-gap:var(--global-kb-gap-none, 0rem );max-width:1140px;margin-left:auto;margin-right:auto;padding-top:30px;padding-right:0px;padding-bottom:60px;padding-left:0px;grid-template-columns:repeat(2, minmax(0, 1fr));}.kb-row-layout-id290_afb307-38{background-image:url('https:\/\/lasmeda.lt\/wp-content\/uploads\/2024\/03\/back.png');background-size:cover;background-position:center center;background-attachment:scroll;background-repeat:no-repeat;}.kb-row-layout-id290_afb307-38 > .kt-row-layout-overlay{opacity:0.80;background:linear-gradient(210deg, var(--global-palette9) 0%, var(--global-palette9) 60%);mix-blend-mode:normal;}@media all and (max-width: 1024px){.kb-row-layout-id290_afb307-38 > .kt-row-column-wrap{padding-top:80px;padding-right:30px;padding-bottom:80px;padding-left:30px;grid-template-columns:minmax(0, 1fr);}}@media all and (max-width: 767px){.kb-row-layout-id290_afb307-38 > .kt-row-column-wrap{padding-top:60px;padding-right:15px;padding-bottom:60px;padding-left:15px;grid-template-columns:minmax(0, 1fr);}}<\/style><div class=\"kb-row-layout-wrap kb-row-layout-id290_afb307-38 alignnone kt-row-has-bg wp-block-kadence-rowlayout\"><div class=\"kt-row-layout-overlay kt-row-overlay-gradient\"><\/div><div class=\"kt-row-column-wrap kt-has-2-columns kt-row-layout-equal kt-tab-layout-row kt-mobile-layout-row kt-row-valign-top\">\n<style>.kadence-column290_462107-4b > .kt-inside-inner-col{padding-top:0px;padding-right:0px;padding-bottom:0px;padding-left:0px;}.kadence-column290_462107-4b > .kt-inside-inner-col,.kadence-column290_462107-4b > .kt-inside-inner-col:before{border-top-left-radius:0px;border-top-right-radius:0px;border-bottom-right-radius:0px;border-bottom-left-radius:0px;}.kadence-column290_462107-4b > .kt-inside-inner-col{column-gap:var(--global-kb-gap-sm, 1rem);}.kadence-column290_462107-4b > .kt-inside-inner-col{flex-direction:column;}.kadence-column290_462107-4b > .kt-inside-inner-col > .aligncenter{width:100%;}.kadence-column290_462107-4b > .kt-inside-inner-col:before{opacity:0.3;}.kadence-column290_462107-4b{position:relative;}.kadence-column290_462107-4b, .kt-inside-inner-col > .kadence-column290_462107-4b:not(.specificity){margin-top:0px;margin-right:0px;margin-bottom:0px;margin-left:0px;}@media all and (max-width: 1024px){.kadence-column290_462107-4b > .kt-inside-inner-col{flex-direction:column;justify-content:center;}}@media all and (max-width: 767px){.kadence-column290_462107-4b > .kt-inside-inner-col{flex-direction:column;justify-content:center;}}<\/style>\n<div class=\"wp-block-kadence-column kadence-column290_462107-4b inner-column-1\"><div class=\"kt-inside-inner-col\"><style>.kb-row-layout-wrap.wp-block-kadence-rowlayout.kb-row-layout-id290_a1a4b2-22{margin-top:0px;margin-bottom:0px;}.kb-row-layout-id290_a1a4b2-22 > .kt-row-column-wrap{align-content:start;}:where(.kb-row-layout-id290_a1a4b2-22 > .kt-row-column-wrap) > .wp-block-kadence-column{justify-content:start;}.kb-row-layout-id290_a1a4b2-22 > .kt-row-column-wrap{column-gap:var(--global-kb-gap-none, 0rem );row-gap:var(--global-kb-gap-none, 0rem );max-width:1140px;margin-left:auto;margin-right:auto;padding-top:0px;padding-right:0px;padding-bottom:0px;padding-left:0px;grid-template-columns:minmax(0, calc(77.9% - ((var(--global-kb-gap-none, 0rem ) * 1 )\/2)))minmax(0, calc(22.1% - ((var(--global-kb-gap-none, 0rem ) * 1 )\/2)));}.kb-row-layout-id290_a1a4b2-22 > .kt-row-layout-overlay{opacity:0.30;}@media all and (max-width: 1024px){.kb-row-layout-id290_a1a4b2-22 > .kt-row-column-wrap{max-width:600px;margin-left:auto;margin-right:auto;grid-template-columns:minmax(0, 1fr);}}@media all and (max-width: 767px){.kb-row-layout-id290_a1a4b2-22 > .kt-row-column-wrap{grid-template-columns:minmax(0, 1fr);}}<\/style><div class=\"kb-row-layout-wrap kb-row-layout-id290_a1a4b2-22 alignnone wp-block-kadence-rowlayout\"><div class=\"kt-row-column-wrap kt-has-2-columns kt-row-layout-equal kt-tab-layout-row kt-mobile-layout-row kt-row-valign-top\">\n<style>.kadence-column290_aef5e7-6a > .kt-inside-inner-col{padding-top:10px;padding-right:10px;padding-bottom:10px;padding-left:10px;}.kadence-column290_aef5e7-6a > .kt-inside-inner-col,.kadence-column290_aef5e7-6a > .kt-inside-inner-col:before{border-top-left-radius:0px;border-top-right-radius:0px;border-bottom-right-radius:0px;border-bottom-left-radius:0px;}.kadence-column290_aef5e7-6a > .kt-inside-inner-col{column-gap:var(--global-kb-gap-sm, 1rem);}.kadence-column290_aef5e7-6a > .kt-inside-inner-col{flex-direction:column;}.kadence-column290_aef5e7-6a > .kt-inside-inner-col > .aligncenter{width:100%;}.kadence-column290_aef5e7-6a > .kt-inside-inner-col:before{opacity:0.3;}.kadence-column290_aef5e7-6a{position:relative;}@media all and (max-width: 1024px){.kadence-column290_aef5e7-6a > .kt-inside-inner-col{flex-direction:column;justify-content:center;}}@media all and (max-width: 767px){.kadence-column290_aef5e7-6a > .kt-inside-inner-col{flex-direction:column;justify-content:center;}}<\/style>\n<div class=\"wp-block-kadence-column kadence-column290_aef5e7-6a inner-column-1\"><div class=\"kt-inside-inner-col\">\n<h3 class=\"wp-block-heading\">Susisiekite su mumis<\/h3>\n\n\n\n<p><strong>Lietuvos akl\u0173j\u0173 ir silpnaregi\u0173 medik\u0173 draugija<\/strong><br><strong>LASMEDA<\/strong><\/p>\n\n\n\n<p><strong>\u012emon\u0117s kodas:<\/strong>&nbsp;191936088<br><strong>Banko s\u0105sk. nr.:<\/strong>&nbsp;AB SEB bankas LT767044060001154970<\/p>\n\n\n\n<p><strong>Adresas:<\/strong>&nbsp;Labdari\u0173 g. 5, Vilnius&nbsp;LT-01120, Lietuva<\/p>\n<\/div><\/div>\n\n\n<style>.kadence-column290_72a65a-59 > .kt-inside-inner-col,.kadence-column290_72a65a-59 > .kt-inside-inner-col:before{border-top-left-radius:0px;border-top-right-radius:0px;border-bottom-right-radius:0px;border-bottom-left-radius:0px;}.kadence-column290_72a65a-59 > .kt-inside-inner-col{column-gap:var(--global-kb-gap-sm, 1rem);}.kadence-column290_72a65a-59 > .kt-inside-inner-col{flex-direction:column;}.kadence-column290_72a65a-59 > .kt-inside-inner-col > .aligncenter{width:100%;}.kadence-column290_72a65a-59 > .kt-inside-inner-col:before{opacity:0.3;}.kadence-column290_72a65a-59{position:relative;}@media all and (max-width: 1024px){.kadence-column290_72a65a-59 > .kt-inside-inner-col{flex-direction:column;justify-content:center;}}@media all and (max-width: 767px){.kadence-column290_72a65a-59 > .kt-inside-inner-col{flex-direction:column;justify-content:center;}}<\/style>\n<div class=\"wp-block-kadence-column kadence-column290_72a65a-59 inner-column-2\"><div class=\"kt-inside-inner-col\"><\/div><\/div>\n\n<\/div><\/div>\n\n<style>.wp-block-kadence-spacer.kt-block-spacer-290_fbb77d-98 .kt-block-spacer{height:20px;}.wp-block-kadence-spacer.kt-block-spacer-290_fbb77d-98 .kt-divider{border-top-width:1px;height:1px;border-top-color:#eee;width:80%;border-top-style:solid;}<\/style>\n<div class=\"wp-block-kadence-spacer aligncenter kt-block-spacer-290_fbb77d-98\"><div class=\"kt-block-spacer kt-block-spacer-halign-center\"><\/div><\/div>\n\n\n<style>.kb-row-layout-wrap.wp-block-kadence-rowlayout.kb-row-layout-id290_1661a7-45{margin-top:0px;margin-bottom:0px;}.kb-row-layout-id290_1661a7-45 > .kt-row-column-wrap{align-content:start;}:where(.kb-row-layout-id290_1661a7-45 > .kt-row-column-wrap) > .wp-block-kadence-column{justify-content:start;}.kb-row-layout-id290_1661a7-45 > .kt-row-column-wrap{column-gap:var(--global-kb-gap-none, 0rem );row-gap:var(--global-kb-gap-none, 0rem );max-width:1140px;margin-left:auto;margin-right:auto;padding-top:0px;padding-right:0px;padding-bottom:0px;padding-left:0px;grid-template-columns:repeat(2, minmax(0, 1fr));}.kb-row-layout-id290_1661a7-45 > .kt-row-layout-overlay{opacity:0.30;}@media all and (max-width: 1024px){.kb-row-layout-id290_1661a7-45 > .kt-row-column-wrap{max-width:600px;margin-left:auto;margin-right:auto;grid-template-columns:repeat(2, minmax(0, 1fr));}}@media all and (max-width: 767px){.kb-row-layout-id290_1661a7-45 > .kt-row-column-wrap{grid-template-columns:minmax(0, 1fr);}}<\/style><div class=\"kb-row-layout-wrap kb-row-layout-id290_1661a7-45 alignnone wp-block-kadence-rowlayout\"><div class=\"kt-row-column-wrap kt-has-2-columns kt-row-layout-equal kt-tab-layout-inherit kt-mobile-layout-row kt-row-valign-top\">\n<style>.kadence-column290_5bf95c-08 > .kt-inside-inner-col{padding-top:10px;padding-right:10px;padding-bottom:10px;padding-left:10px;}.kadence-column290_5bf95c-08 > .kt-inside-inner-col,.kadence-column290_5bf95c-08 > .kt-inside-inner-col:before{border-top-left-radius:0px;border-top-right-radius:0px;border-bottom-right-radius:0px;border-bottom-left-radius:0px;}.kadence-column290_5bf95c-08 > .kt-inside-inner-col{column-gap:var(--global-kb-gap-sm, 1rem);}.kadence-column290_5bf95c-08 > .kt-inside-inner-col{flex-direction:column;}.kadence-column290_5bf95c-08 > .kt-inside-inner-col > .aligncenter{width:100%;}.kadence-column290_5bf95c-08 > .kt-inside-inner-col:before{opacity:0.3;}.kadence-column290_5bf95c-08{position:relative;}@media all and (max-width: 1024px){.kadence-column290_5bf95c-08 > .kt-inside-inner-col{flex-direction:column;justify-content:center;}}@media all and (max-width: 767px){.kadence-column290_5bf95c-08 > .kt-inside-inner-col{flex-direction:column;justify-content:center;}}<\/style>\n<div class=\"wp-block-kadence-column kadence-column290_5bf95c-08 inner-column-1\"><div class=\"kt-inside-inner-col\"><style>.wp-block-kadence-column.kb-section-dir-horizontal > .kt-inside-inner-col > .kt-info-box290_a670a5-cf .kt-blocks-info-box-link-wrap{max-width:unset;}.kt-info-box290_a670a5-cf .kt-blocks-info-box-link-wrap{border-top-left-radius:0px;border-top-right-radius:0px;border-bottom-right-radius:0px;border-bottom-left-radius:0px;background:rgba(255, 255, 255, 0);padding-top:0px;padding-right:0px;padding-bottom:0px;padding-left:0px;}.kt-info-box290_a670a5-cf .kt-blocks-info-box-link-wrap:hover{background:rgba(255, 255, 255, 0);}.kt-info-box290_a670a5-cf .kadence-info-box-icon-container .kt-info-svg-icon, .kt-info-box290_a670a5-cf .kt-info-svg-icon-flip, .kt-info-box290_a670a5-cf .kt-blocks-info-box-number{font-size:22px;}.kt-info-box290_a670a5-cf .kt-blocks-info-box-media{color:var(--global-palette9, #ffffff);background:var(--global-palette1, #3182CE);border-color:#eeeeee;border-top-width:0px;border-right-width:0px;border-bottom-width:0px;border-left-width:0px;padding-top:13px;padding-right:13px;padding-bottom:13px;padding-left:13px;margin-top:0px;margin-right:0px;margin-bottom:30px;margin-left:0px;}.kt-info-box290_a670a5-cf .kt-blocks-info-box-link-wrap:hover .kt-blocks-info-box-media{color:var(--global-palette9, #ffffff);background:var(--global-palette1, #3182CE);border-color:#eeeeee;}.kt-info-box290_a670a5-cf .kt-infobox-textcontent h6.kt-blocks-info-box-title{color:var(--global-palette1, #3182CE);font-size:1.1em;line-height:1em;text-transform:uppercase;font-family:Jost;font-style:normal;font-weight:400;padding-top:0px;padding-right:0px;padding-bottom:0px;padding-left:0px;margin-top:0px;margin-right:30px;margin-bottom:10px;margin-left:30px;}.kt-info-box290_a670a5-cf .kt-infobox-textcontent .kt-blocks-info-box-text{color:var(--global-palette3, #1A202C);}.wp-block-kadence-infobox.kt-info-box290_a670a5-cf .kt-blocks-info-box-text{font-size:0.9em;line-height:1.4em;margin-top:0px;margin-right:30px;margin-bottom:0px;margin-left:30px;}.kt-info-box290_a670a5-cf .kt-blocks-info-box-learnmore{background:transparent;border-color:#555555;border-width:0px 0px 0px 0px;padding-top:4px;padding-right:8px;padding-bottom:4px;padding-left:8px;margin-top:10px;margin-right:0px;margin-bottom:10px;margin-left:0px;}.kt-info-box290_a670a5-cf .kt-blocks-info-box-link-wrap:hover .kt-blocks-info-box-learnmore,.kt-info-box290_a670a5-cf .kt-blocks-info-box-link-wrap .kt-blocks-info-box-learnmore:focus{color:#ffffff;background:#444444;border-color:#444444;}@media all and (max-width: 767px){.kt-info-box290_a670a5-cf .kt-blocks-info-box-link-wrap{text-align:center;display:block;}.kt-info-box290_a670a5-cf .kt-blocks-info-box-link-wrap .kt-blocks-info-box-media{display:inline-block;max-width:100%;}}<\/style>\n<div class=\"wp-block-kadence-infobox kt-info-box290_a670a5-cf\"><span class=\"kt-blocks-info-box-link-wrap info-box-link kt-blocks-info-box-media-align-left kt-info-halign-left kb-info-box-vertical-media-align-top kb-info-mobile-halign-center\"><div class=\"kt-blocks-info-box-media-container\"><div class=\"kt-blocks-info-box-media kt-info-media-animate-none\"><div class=\"kadence-info-box-icon-container kt-info-icon-animate-none\"><div class=\"kadence-info-box-icon-inner-container\"><span class=\"kb-svg-icon-wrap kb-svg-icon-fe_mail kt-info-svg-icon\"><svg viewBox=\"0 0 24 24\"  fill=\"none\" stroke=\"currentColor\" stroke-width=\"2.5\" stroke-linecap=\"round\" stroke-linejoin=\"round\" xmlns=\"http:\/\/www.w3.org\/2000\/svg\"  aria-hidden=\"true\"><path d=\"M4 4h16c1.1 0 2 .9 2 2v12c0 1.1-.9 2-2 2H4c-1.1 0-2-.9-2-2V6c0-1.1.9-2 2-2z\"\/><polyline points=\"22,6 12,13 2,6\"\/><\/svg><\/span><\/div><\/div><\/div><\/div><div class=\"kt-infobox-textcontent\"><h6 class=\"kt-blocks-info-box-title\"><strong>El. pa\u0161tas<\/strong><\/h6><p class=\"kt-blocks-info-box-text\">info@lasmeda.lt<\/p><\/div><\/span><\/div>\n<\/div><\/div>\n\n\n<style>.kadence-column290_4913f9-0b > .kt-inside-inner-col{padding-top:10px;padding-right:10px;padding-bottom:10px;padding-left:10px;}.kadence-column290_4913f9-0b > .kt-inside-inner-col,.kadence-column290_4913f9-0b > .kt-inside-inner-col:before{border-top-left-radius:0px;border-top-right-radius:0px;border-bottom-right-radius:0px;border-bottom-left-radius:0px;}.kadence-column290_4913f9-0b > .kt-inside-inner-col{column-gap:var(--global-kb-gap-sm, 1rem);}.kadence-column290_4913f9-0b > .kt-inside-inner-col{flex-direction:column;}.kadence-column290_4913f9-0b > .kt-inside-inner-col > .aligncenter{width:100%;}.kadence-column290_4913f9-0b > .kt-inside-inner-col:before{opacity:0.3;}.kadence-column290_4913f9-0b{position:relative;}@media all and (max-width: 1024px){.kadence-column290_4913f9-0b > .kt-inside-inner-col{flex-direction:column;justify-content:center;}}@media all and (max-width: 767px){.kadence-column290_4913f9-0b > .kt-inside-inner-col{flex-direction:column;justify-content:center;}.kadence-column290_4913f9-0b, .kt-inside-inner-col > .kadence-column290_4913f9-0b:not(.specificity){margin-top:30px;}}<\/style>\n<div class=\"wp-block-kadence-column kadence-column290_4913f9-0b inner-column-2\"><div class=\"kt-inside-inner-col\"><style>.wp-block-kadence-column.kb-section-dir-horizontal > .kt-inside-inner-col > .kt-info-box290_b077d9-26 .kt-blocks-info-box-link-wrap{max-width:unset;}.kt-info-box290_b077d9-26 .kt-blocks-info-box-link-wrap{border-top-left-radius:0px;border-top-right-radius:0px;border-bottom-right-radius:0px;border-bottom-left-radius:0px;background:rgba(255, 255, 255, 0);padding-top:0px;padding-right:0px;padding-bottom:0px;padding-left:0px;}.kt-info-box290_b077d9-26 .kt-blocks-info-box-link-wrap:hover{background:rgba(255, 255, 255, 0);}.kt-info-box290_b077d9-26 .kadence-info-box-icon-container .kt-info-svg-icon, .kt-info-box290_b077d9-26 .kt-info-svg-icon-flip, .kt-info-box290_b077d9-26 .kt-blocks-info-box-number{font-size:22px;}.kt-info-box290_b077d9-26 .kt-blocks-info-box-media{color:var(--global-palette9, #ffffff);background:var(--global-palette1, #3182CE);border-color:#eeeeee;border-top-width:0px;border-right-width:0px;border-bottom-width:0px;border-left-width:0px;padding-top:13px;padding-right:13px;padding-bottom:13px;padding-left:13px;margin-top:0px;margin-right:0px;margin-bottom:30px;margin-left:0px;}.kt-info-box290_b077d9-26 .kt-blocks-info-box-link-wrap:hover .kt-blocks-info-box-media{color:var(--global-palette9, #ffffff);background:var(--global-palette1, #3182CE);border-color:#eeeeee;}.kt-info-box290_b077d9-26 .kt-infobox-textcontent h6.kt-blocks-info-box-title{color:var(--global-palette1, #3182CE);font-size:1.1em;line-height:1em;text-transform:uppercase;font-family:Jost;font-style:normal;font-weight:400;padding-top:0px;padding-right:0px;padding-bottom:0px;padding-left:0px;margin-top:0px;margin-right:30px;margin-bottom:10px;margin-left:30px;}.kt-info-box290_b077d9-26 .kt-infobox-textcontent .kt-blocks-info-box-text{color:var(--global-palette3, #1A202C);}.wp-block-kadence-infobox.kt-info-box290_b077d9-26 .kt-blocks-info-box-text{font-size:0.9em;line-height:1.4em;margin-top:0px;margin-right:30px;margin-bottom:0px;margin-left:30px;}.kt-info-box290_b077d9-26 .kt-blocks-info-box-learnmore{background:transparent;border-color:#555555;border-width:0px 0px 0px 0px;padding-top:4px;padding-right:8px;padding-bottom:4px;padding-left:8px;margin-top:10px;margin-right:0px;margin-bottom:10px;margin-left:0px;}.kt-info-box290_b077d9-26 .kt-blocks-info-box-link-wrap:hover .kt-blocks-info-box-learnmore,.kt-info-box290_b077d9-26 .kt-blocks-info-box-link-wrap .kt-blocks-info-box-learnmore:focus{color:#ffffff;background:#444444;border-color:#444444;}@media all and (max-width: 767px){.kt-info-box290_b077d9-26 .kt-blocks-info-box-link-wrap{text-align:center;display:block;}.kt-info-box290_b077d9-26 .kt-blocks-info-box-link-wrap .kt-blocks-info-box-media{display:inline-block;max-width:100%;}}<\/style>\n<div class=\"wp-block-kadence-infobox kt-info-box290_b077d9-26\"><span class=\"kt-blocks-info-box-link-wrap info-box-link kt-blocks-info-box-media-align-left kt-info-halign-left kb-info-box-vertical-media-align-top kb-info-mobile-halign-center\"><div class=\"kt-blocks-info-box-media-container\"><div class=\"kt-blocks-info-box-media kt-info-media-animate-none\"><div class=\"kadence-info-box-icon-container kt-info-icon-animate-none\"><div class=\"kadence-info-box-icon-inner-container\"><span class=\"kb-svg-icon-wrap kb-svg-icon-fe_phone kt-info-svg-icon\"><svg viewBox=\"0 0 24 24\"  fill=\"none\" stroke=\"currentColor\" stroke-width=\"2.5\" stroke-linecap=\"round\" stroke-linejoin=\"round\" xmlns=\"http:\/\/www.w3.org\/2000\/svg\"  aria-hidden=\"true\"><path d=\"M22 16.92v3a2 2 0 0 1-2.18 2 19.79 19.79 0 0 1-8.63-3.07 19.5 19.5 0 0 1-6-6 19.79 19.79 0 0 1-3.07-8.67A2 2 0 0 1 4.11 2h3a2 2 0 0 1 2 1.72 12.84 12.84 0 0 0 .7 2.81 2 2 0 0 1-.45 2.11L8.09 9.91a16 16 0 0 0 6 6l1.27-1.27a2 2 0 0 1 2.11-.45 12.84 12.84 0 0 0 2.81.7A2 2 0 0 1 22 16.92z\"\/><\/svg><\/span><\/div><\/div><\/div><\/div><div class=\"kt-infobox-textcontent\"><h6 class=\"kt-blocks-info-box-title\">Tel.:\u200b<\/h6><p class=\"kt-blocks-info-box-text\">+37065995046<\/p><\/div><\/span><\/div>\n<\/div><\/div>\n\n<\/div><\/div><\/div><\/div>\n\n\n<style>.kadence-column290_6a0ed1-3d > .kt-inside-inner-col{padding-top:10px;padding-right:10px;padding-bottom:10px;padding-left:10px;}.kadence-column290_6a0ed1-3d > .kt-inside-inner-col,.kadence-column290_6a0ed1-3d > .kt-inside-inner-col:before{border-top-left-radius:0px;border-top-right-radius:0px;border-bottom-right-radius:0px;border-bottom-left-radius:0px;}.kadence-column290_6a0ed1-3d > .kt-inside-inner-col{column-gap:var(--global-kb-gap-sm, 1rem);}.kadence-column290_6a0ed1-3d > .kt-inside-inner-col{flex-direction:column;}.kadence-column290_6a0ed1-3d > .kt-inside-inner-col > .aligncenter{width:100%;}.kadence-column290_6a0ed1-3d > .kt-inside-inner-col:before{opacity:0.3;}.kadence-column290_6a0ed1-3d{position:relative;}@media all and (max-width: 1024px){.kadence-column290_6a0ed1-3d > .kt-inside-inner-col{flex-direction:column;justify-content:center;}}@media all and (max-width: 767px){.kadence-column290_6a0ed1-3d > .kt-inside-inner-col{padding-top:0px;padding-right:0px;padding-bottom:0px;padding-left:0px;flex-direction:column;justify-content:center;}}<\/style>\n<div class=\"wp-block-kadence-column kadence-column290_6a0ed1-3d inner-column-2\"><div class=\"kt-inside-inner-col\"><style>.kb-form input.kadence-blocks-field.verify{opacity:0.0;position:absolute;top:0.0;left:0.0;width:0.0;height:0.0;z-index:-1;}<\/style>\n<div class=\"wp-block-kadence-form kadence-form-290_0c8b3d-b3 kb-form-wrap\"><form class=\"kb-form\" action=\"\" method=\"post\"><div class=\"kadence-blocks-form-field kb-field-desk-width-100 kb-input-size-standard\"><label for=\"kb_field_290_0c8b3d-b3_0\">Vardas<\/label><input name=\"kb_field_0\" id=\"kb_field_290_0c8b3d-b3_0\" data-label=\"Vardas\" type=\"text\" placeholder=\"\" value=\"\" data-type=\"text\" class=\"kb-field kb-text-style-field kb-text-field kb-field-0\"\/><\/div><div class=\"kadence-blocks-form-field kb-form-field-1 kb-field-desk-width-100 kb-input-size-standard\"><label for=\"kb_field_290_0c8b3d-b3_1\">El. pa\u0161tas<span class=\"required\">*<\/span><\/label><input name=\"kb_field_1\" id=\"kb_field_290_0c8b3d-b3_1\" data-label=\"El. pa\u0161tas\" type=\"email\" placeholder=\"\" value=\"\" data-type=\"email\" class=\"kb-field kb-text-style-field kb-email-field kb-field-1\" data-required=\"yes\"\/><\/div><div class=\"kadence-blocks-form-field kb-form-field-2 kb-field-desk-width-100 kb-input-size-standard\"><label for=\"kb_field_290_0c8b3d-b3_2\">\u017dinut\u0117<span class=\"required\">*<\/span><\/label><textarea name=\"kb_field_2\" id=\"kb_field_290_0c8b3d-b3_2\" data-label=\"\u017dinut\u0117\" type=\"textarea\" placeholder=\"\" data-type=\"textarea\" class=\"kb-field kb-text-style-field kb-textarea-field kb-field-2\" rows=\"4\" data-required=\"yes\"><\/textarea><\/div><input type=\"hidden\" name=\"_kb_form_id\" value=\"290_0c8b3d-b3\"\/><input type=\"hidden\" name=\"_kb_form_post_id\" value=\"290\"\/><input type=\"hidden\" name=\"action\" value=\"kb_process_ajax_submit\"\/><label class=\"kadence-verify-label\">Email<input class=\"kadence-blocks-field verify\" type=\"text\" name=\"_kb_verify_email\" autocomplete=\"new-password\" aria-hidden=\"true\" placeholder=\"Email\" tabindex=\"-1\" data-1p-ignore=\"true\" data-lpignore=\"true\" \/><\/label><div class=\"kadence-blocks-form-field kb-submit-field kb-field-desk-width-100\"><button class=\"kb-forms-submit button kb-button-size-standard kb-button-width-auto\">Pateikti<\/button><\/div><\/form><\/div>\n<noscript><div class=\"kadence-blocks-form-message kadence-blocks-form-warning\">Please enable JavaScript in your browser to submit the form<\/div><style>.kadence-form-290_0c8b3d-b3 .kadence-blocks-form-field.kb-submit-field { display: none; }<\/style><\/noscript><\/div><\/div>\n\n<\/div><\/div>","protected":false},"excerpt":{"rendered":"<p>Susisiekite su mumis Lietuvos akl\u0173j\u0173 ir silpnaregi\u0173 medik\u0173 draugijaLASMEDA \u012emon\u0117s kodas:&nbsp;191936088Banko s\u0105sk. nr.:&nbsp;AB SEB bankas LT767044060001154970 Adresas:&nbsp;Labdari\u0173 g. 5, Vilnius&nbsp;LT-01120, Lietuva<\/p>\n","protected":false},"author":1,"featured_media":0,"parent":0,"menu_order":0,"comment_status":"closed","ping_status":"closed","template":"","meta":{"_kadence_starter_templates_imported_post":true,"_kad_post_transparent":"","_kad_post_title":"hide","_kad_post_layout":"fullwidth","_kad_post_sidebar_id":"","_kad_post_content_style":"unboxed","_kad_post_vertical_padding":"hide","_kad_post_feature":"hide","_kad_post_feature_position":"","_kad_post_header":false,"_kad_post_footer":false,"_kad_post_classname":"","footnotes":""},"class_list":["post-290","page","type-page","status-publish","hentry"],"_links":{"self":[{"href":"https:\/\/lasmeda.lt\/index.php\/wp-json\/wp\/v2\/pages\/290","targetHints":{"allow":["GET"]}}],"collection":[{"href":"https:\/\/lasmeda.lt\/index.php\/wp-json\/wp\/v2\/pages"}],"about":[{"href":"https:\/\/lasmeda.lt\/index.php\/wp-json\/wp\/v2\/types\/page"}],"author":[{"embeddable":true,"href":"https:\/\/lasmeda.lt\/index.php\/wp-json\/wp\/v2\/users\/1"}],"replies":[{"embeddable":true,"href":"https:\/\/lasmeda.lt\/index.php\/wp-json\/wp\/v2\/comments?post=290"}],"version-history":[{"count":7,"href":"https:\/\/lasmeda.lt\/index.php\/wp-json\/wp\/v2\/pages\/290\/revisions"}],"predecessor-version":[{"id":703,"href":"https:\/\/lasmeda.lt\/index.php\/wp-json\/wp\/v2\/pages\/290\/revisions\/703"}],"wp:attachment":[{"href":"https:\/\/lasmeda.lt\/index.php\/wp-json\/wp\/v2\/media?parent=290"}],"curies":[{"name":"wp","href":"https:\/\/api.w.org\/{rel}","templated":true}]}}